{"id":571,"date":"2016-03-16T15:37:34","date_gmt":"2016-03-16T14:37:34","guid":{"rendered":"http:\/\/welt-der-kinder.gei.de\/?page_id=571"},"modified":"2022-12-22T16:00:05","modified_gmt":"2022-12-22T15:00:05","slug":"internationale-tagung-die-welt-der-kinder","status":"publish","type":"page","link":"https:\/\/welt-der-kinder.gei.de\/?page_id=571","title":{"rendered":"Internationale Tagung: &#8222;Die Welt der Kinder&#8220;"},"content":{"rendered":"<div class=\"news-text-wrap\">\n<h2><a href=\"https:\/\/welt-der-kinder.gei.de\/wp-content\/uploads\/2016\/03\/Poster_WeltDerKinder_ENTWURF4.jpg\"><img loading=\"lazy\" decoding=\"async\" class=\"alignnone wp-image-576 size-large\" src=\"https:\/\/welt-der-kinder.gei.de\/wp-content\/uploads\/2016\/03\/Poster_WeltDerKinder_ENTWURF4-724x1024.jpg\" alt=\"Poster_WeltDerKinder_ENTWURF4\" width=\"724\" height=\"1024\" srcset=\"https:\/\/welt-der-kinder.gei.de\/wp-content\/uploads\/2016\/03\/Poster_WeltDerKinder_ENTWURF4-724x1024.jpg 724w, https:\/\/welt-der-kinder.gei.de\/wp-content\/uploads\/2016\/03\/Poster_WeltDerKinder_ENTWURF4-212x300.jpg 212w\" sizes=\"auto, (max-width: 724px) 100vw, 724px\" \/><\/a><\/h2>\n<h2><span style=\"text-decoration: underline;\"><a href=\"https:\/\/welt-der-kinder.gei.de\/wp-content\/uploads\/2016\/03\/WeltDerKinder_Flyer.pdf\">Programm-Flyer<\/a><\/span><\/h2>\n<p>&nbsp;<\/p>\n<h2><strong>Weltwissen und Weltdeutung in Schul-und Kinderb\u00fcchern des 19. und fr\u00fchen 20. Jahrhunderts <\/strong><\/h2>\n<h3><strong>Internationale Tagung an der Universit\u00e4t Z\u00fcrich vom 4. bis 6. Februar 2016, veranstaltet von:<br \/>\n<\/strong><\/h3>\n<ul>\n<li>Institut f\u00fcr Sozialanthropologie und Empirische Kulturwissenschaft (ISEK \u2013Schwerpunkt Kinder-und Jugendmedien) der Universit\u00e4t Z\u00fcrich;<\/li>\n<li>Schweizerisches Institut fu\u0308r Kinder-und Jugendmedien (SIKJM), assoziiertes Institut der Universit\u00e4t Z\u00fcrich;<\/li>\n<li>Georg-Eckert-Institut \u2013Leibniz-Institut f\u00fcr internationale Schulbuchforschung Braunschweig;<\/li>\n<li>German Historical Institute Washington D.C.<\/li>\n<\/ul>\n<p>Im 19. und fr\u00fchen 20. Jahrhundert erleben Wissen und Bildung gro\u00dfe Ver\u00e4nderungen \u2013neben dem rasanten technologischen Wandel setzen sich Buchkultur und Schulpflicht durch. Schulb\u00fccher tragen als staatlich gepr\u00e4gte Massenmedien in erheblichem Ma\u00dfe zur \u201eNationalisierung der Massen\u201c und damit zu verengten Repr\u00e4sentationen von der Welt bei. Zugleich ist dies jedoch eine Zeit beschleunigter Globalisierung und einer enormen Erweiterung des gesellschaftlichen Wissens \u00fcber die Welt.<\/p>\n<p>Die Tagung will diese sowohl gegenl\u00e4ufigen als auch verschr\u00e4nkten Prozesse aus wissensgeschichtlicher Perspektive aufnehmen und fragen, mit welchem Wissen und mit welchen Bildern von der Welt Kinder und Jugendliche in den Jahrzehnten vor dem Ersten Weltkrieg aufgewachsen sind.<\/p>\n<p>Schul-und Kinderb\u00fccher stehen aus drei Gr\u00fcnden im Zentrum des Interesses: Zum ersten handelt es sich f\u00fcr eine Zeit, in der sich die gro\u00dfe Mehrheit der Menschen weder durch eigene Reisen noch durch audiovisuelle Medien ein Bild von der Welt um sie herum machen konnten, um zentrale Quellen f\u00fcr die Vermessung gesellschaftlicher Wissens- bzw. Diskursfelder jenseits gelehrten Wissens. Zum zweiten sind Forschungen zu schulischen und au\u00dferschulischen (Bildungs-)Medien bisher kaum aufeinander bezogen und in ihrer Quellenspezifik reflektiert worden. Und zum dritten liegen f\u00fcr diese Forschungsgegenst\u00e4nde inzwischen ausreichend gro\u00dfe digitale Quellenkorpora vor, die es gestatten, Chancen und Grenzen digitaler Forschung konkreter als vielfach \u00fcblich auszuloten.<\/p>\n<p>&nbsp;<\/p>\n<pre class=\"bbcode_code\"><\/pre>\n<h1><span style=\"text-decoration: underline;\">Vortr\u00e4ge<\/span><\/h1>\n<table>\n<tbody>\n<tr>\n<td><a href=\"https:\/\/welt-der-kinder.gei.de\/wp-content\/uploads\/2016\/03\/DSCF5728-e1458139596795.jpg\"><img loading=\"lazy\" decoding=\"async\" class=\"alignnone wp-image-578 size-thumbnail\" src=\"https:\/\/welt-der-kinder.gei.de\/wp-content\/uploads\/2016\/03\/DSCF5728-e1458139596795-150x150.jpg\" alt=\"DSCF5728\" width=\"150\" height=\"150\" \/><\/a><\/td>\n<td><a href=\"https:\/\/welt-der-kinder.gei.de\/wp-content\/uploads\/2016\/03\/DSCF5758.jpg\"><img loading=\"lazy\" decoding=\"async\" class=\"alignnone wp-image-579 size-thumbnail\" src=\"https:\/\/welt-der-kinder.gei.de\/wp-content\/uploads\/2016\/03\/DSCF5758-150x150.jpg\" alt=\"DSCF5758\" width=\"150\" height=\"150\" \/><\/a><\/td>\n<td><a href=\"https:\/\/welt-der-kinder.gei.de\/wp-content\/uploads\/2016\/03\/DSCF5813.jpg\"><img loading=\"lazy\" decoding=\"async\" class=\"alignnone wp-image-583 size-thumbnail\" src=\"https:\/\/welt-der-kinder.gei.de\/wp-content\/uploads\/2016\/03\/DSCF5813-150x150.jpg\" alt=\"DSCF5813\" width=\"150\" height=\"150\" \/><\/a><\/td>\n<td>\n<h1><a href=\"https:\/\/welt-der-kinder.gei.de\/wp-content\/uploads\/2016\/03\/S0035819.jpg\"><img loading=\"lazy\" decoding=\"async\" class=\"alignnone wp-image-618 size-thumbnail\" src=\"https:\/\/welt-der-kinder.gei.de\/wp-content\/uploads\/2016\/03\/S0035819-150x150.jpg\" alt=\"S0035819\" width=\"150\" height=\"150\" \/><\/a><\/h1>\n<\/td>\n<td>\n<h1><strong> <a href=\"https:\/\/welt-der-kinder.gei.de\/wp-content\/uploads\/2016\/03\/S0095962.jpg\"><img loading=\"lazy\" decoding=\"async\" class=\"alignnone wp-image-619 size-thumbnail\" src=\"https:\/\/welt-der-kinder.gei.de\/wp-content\/uploads\/2016\/03\/S0095962-150x150.jpg\" alt=\"S0095962\" width=\"150\" height=\"150\" \/><\/a><\/strong><\/h1>\n<\/td>\n<\/tr>\n<\/tbody>\n<\/table>\n<table>\n<tbody>\n<tr>\n<td>\n<h1><strong><a href=\"https:\/\/welt-der-kinder.gei.de\/wp-content\/uploads\/2016\/03\/DSCF5953.jpg\"><img loading=\"lazy\" decoding=\"async\" class=\"alignnone wp-image-593 size-thumbnail\" src=\"https:\/\/welt-der-kinder.gei.de\/wp-content\/uploads\/2016\/03\/DSCF5953-150x150.jpg\" alt=\"DSCF5953\" width=\"150\" height=\"150\" \/><\/a><\/strong><\/h1>\n<\/td>\n<td><a href=\"https:\/\/welt-der-kinder.gei.de\/wp-content\/uploads\/2016\/03\/DSCF6103.jpg\"><img loading=\"lazy\" decoding=\"async\" class=\"alignnone size-thumbnail wp-image-598\" src=\"https:\/\/welt-der-kinder.gei.de\/wp-content\/uploads\/2016\/03\/DSCF6103-150x150.jpg\" alt=\"DSCF6103\" width=\"150\" height=\"150\" \/><\/a><\/td>\n<td>\n<h1><strong> <a href=\"https:\/\/welt-der-kinder.gei.de\/wp-content\/uploads\/2016\/03\/DSCF6016.jpg\"><img loading=\"lazy\" decoding=\"async\" class=\"alignnone wp-image-595 size-thumbnail\" src=\"https:\/\/welt-der-kinder.gei.de\/wp-content\/uploads\/2016\/03\/DSCF6016-150x150.jpg\" alt=\"DSCF6016\" width=\"150\" height=\"150\" \/><\/a><\/strong><\/h1>\n<\/td>\n<td>\n<h1><strong><a href=\"https:\/\/welt-der-kinder.gei.de\/wp-content\/uploads\/2016\/03\/S0016004.jpg\"><img loading=\"lazy\" decoding=\"async\" class=\"alignnone wp-image-617 size-thumbnail\" src=\"https:\/\/welt-der-kinder.gei.de\/wp-content\/uploads\/2016\/03\/S0016004-150x150.jpg\" alt=\"S0016004\" width=\"150\" height=\"150\" \/><\/a><\/strong><\/h1>\n<\/td>\n<td><strong><a href=\"https:\/\/welt-der-kinder.gei.de\/wp-content\/uploads\/2016\/03\/DSCF6019.jpg\"><img loading=\"lazy\" decoding=\"async\" class=\"alignnone wp-image-596 size-thumbnail\" src=\"https:\/\/welt-der-kinder.gei.de\/wp-content\/uploads\/2016\/03\/DSCF6019-150x150.jpg\" alt=\"DSCF6019\" width=\"150\" height=\"150\" \/><\/a><\/strong><\/td>\n<\/tr>\n<\/tbody>\n<\/table>\n<table>\n<tbody>\n<tr>\n<td><strong> <a href=\"https:\/\/welt-der-kinder.gei.de\/wp-content\/uploads\/2016\/03\/S0256470.jpg\"><img loading=\"lazy\" decoding=\"async\" class=\"alignnone wp-image-626 size-thumbnail\" src=\"https:\/\/welt-der-kinder.gei.de\/wp-content\/uploads\/2016\/03\/S0256470-150x150.jpg\" alt=\"S0256470\" width=\"150\" height=\"150\" \/><\/a><\/strong><\/td>\n<td><a href=\"https:\/\/welt-der-kinder.gei.de\/wp-content\/uploads\/2016\/03\/DSCF6460.jpg\"><img loading=\"lazy\" decoding=\"async\" class=\"alignnone wp-image-614 size-thumbnail\" src=\"https:\/\/welt-der-kinder.gei.de\/wp-content\/uploads\/2016\/03\/DSCF6460-150x150.jpg\" alt=\"DSCF6460\" width=\"150\" height=\"150\" \/><\/a><\/td>\n<td><strong> <a href=\"https:\/\/welt-der-kinder.gei.de\/wp-content\/uploads\/2016\/03\/S0276509.jpg\"><img loading=\"lazy\" decoding=\"async\" class=\"alignnone wp-image-627 size-thumbnail\" src=\"https:\/\/welt-der-kinder.gei.de\/wp-content\/uploads\/2016\/03\/S0276509-150x150.jpg\" alt=\"S0276509\" width=\"150\" height=\"150\" \/><\/a><\/strong><\/td>\n<td>\n<h1><strong><a href=\"https:\/\/welt-der-kinder.gei.de\/wp-content\/uploads\/2016\/03\/S0015785.jpg\"><img loading=\"lazy\" decoding=\"async\" class=\"alignnone wp-image-616 size-thumbnail\" src=\"https:\/\/welt-der-kinder.gei.de\/wp-content\/uploads\/2016\/03\/S0015785-150x150.jpg\" alt=\"S0015785\" width=\"150\" height=\"150\" \/><\/a><\/strong><\/h1>\n<\/td>\n<td><strong> <a href=\"https:\/\/welt-der-kinder.gei.de\/wp-content\/uploads\/2016\/03\/S0246439.jpg\"><img loading=\"lazy\" decoding=\"async\" class=\"alignnone wp-image-625 size-thumbnail\" src=\"https:\/\/welt-der-kinder.gei.de\/wp-content\/uploads\/2016\/03\/S0246439-150x150.jpg\" alt=\"S0246439\" width=\"150\" height=\"150\" \/><\/a><\/strong><\/td>\n<\/tr>\n<\/tbody>\n<\/table>\n<table>\n<tbody>\n<tr>\n<td>\n<h1><strong><a href=\"https:\/\/welt-der-kinder.gei.de\/wp-content\/uploads\/2016\/03\/DSCF5790.jpg\"><img loading=\"lazy\" decoding=\"async\" class=\"alignnone wp-image-581 size-thumbnail\" src=\"https:\/\/welt-der-kinder.gei.de\/wp-content\/uploads\/2016\/03\/DSCF5790-150x150.jpg\" alt=\"DSCF5790\" width=\"150\" height=\"150\" \/><\/a><\/strong><\/h1>\n<\/td>\n<td>\n<h1><strong><a href=\"https:\/\/welt-der-kinder.gei.de\/wp-content\/uploads\/2016\/03\/DSCF5799.jpg\"><img loading=\"lazy\" decoding=\"async\" class=\"alignnone wp-image-582 size-thumbnail\" src=\"https:\/\/welt-der-kinder.gei.de\/wp-content\/uploads\/2016\/03\/DSCF5799-150x150.jpg\" alt=\"DSCF5799\" width=\"150\" height=\"150\" \/><\/a><\/strong><\/h1>\n<\/td>\n<td><a href=\"https:\/\/welt-der-kinder.gei.de\/wp-content\/uploads\/2016\/03\/DSCF6079.jpg\"><img loading=\"lazy\" decoding=\"async\" class=\"alignnone wp-image-597 size-thumbnail\" src=\"https:\/\/welt-der-kinder.gei.de\/wp-content\/uploads\/2016\/03\/DSCF6079-150x150.jpg\" alt=\"DSCF6079\" width=\"150\" height=\"150\" \/><\/a><\/td>\n<td>\n<h1><strong><a href=\"https:\/\/welt-der-kinder.gei.de\/wp-content\/uploads\/2016\/03\/S0216373.jpg\"><img loading=\"lazy\" decoding=\"async\" class=\"alignnone wp-image-624 size-thumbnail\" src=\"https:\/\/welt-der-kinder.gei.de\/wp-content\/uploads\/2016\/03\/S0216373-150x150.jpg\" alt=\"S0216373\" width=\"150\" height=\"150\" \/><\/a><\/strong><\/h1>\n<\/td>\n<td>\n<h1><strong><a href=\"https:\/\/welt-der-kinder.gei.de\/wp-content\/uploads\/2016\/03\/S0196328.jpg\"><img loading=\"lazy\" decoding=\"async\" class=\"alignnone wp-image-622 size-thumbnail\" src=\"https:\/\/welt-der-kinder.gei.de\/wp-content\/uploads\/2016\/03\/S0196328-150x150.jpg\" alt=\"S0196328\" width=\"150\" height=\"150\" \/><\/a><\/strong><\/h1>\n<\/td>\n<\/tr>\n<\/tbody>\n<\/table>\n<p><span style=\"text-decoration: underline;\"><strong><a href=\"https:\/\/welt-der-kinder.gei.de\/wp-content\/uploads\/2016\/03\/DSCF5953.jpg\"><br \/>\n<\/a><\/strong><\/span><\/p>\n<h1><span style=\"text-decoration: underline;\"><strong>Podiumsdiskussion<\/strong><\/span><\/h1>\n<table>\n<tbody>\n<tr>\n<td>\n<h1><span style=\"text-decoration: underline;\"><strong><a href=\"https:\/\/welt-der-kinder.gei.de\/wp-content\/uploads\/2016\/03\/DSCF6128.jpg\"><img loading=\"lazy\" decoding=\"async\" class=\"alignnone wp-image-600 size-thumbnail\" src=\"https:\/\/welt-der-kinder.gei.de\/wp-content\/uploads\/2016\/03\/DSCF6128-150x150.jpg\" alt=\"DSCF6128\" width=\"150\" height=\"150\" \/><\/a><\/strong><\/span><\/h1>\n<\/td>\n<td>\n<h1><span style=\"text-decoration: underline;\"><strong><a href=\"https:\/\/welt-der-kinder.gei.de\/wp-content\/uploads\/2016\/03\/S0096170.jpg\"><img loading=\"lazy\" decoding=\"async\" class=\"alignnone wp-image-620 size-thumbnail\" src=\"https:\/\/welt-der-kinder.gei.de\/wp-content\/uploads\/2016\/03\/S0096170-150x150.jpg\" alt=\"S0096170\" width=\"150\" height=\"150\" \/><\/a><\/strong><\/span><\/h1>\n<\/td>\n<td><strong><a href=\"https:\/\/welt-der-kinder.gei.de\/wp-content\/uploads\/2016\/03\/S0136231.jpg\"><img loading=\"lazy\" decoding=\"async\" class=\"alignnone wp-image-621 size-thumbnail\" src=\"https:\/\/welt-der-kinder.gei.de\/wp-content\/uploads\/2016\/03\/S0136231-150x150.jpg\" alt=\"S0136231\" width=\"150\" height=\"150\" \/><\/a><\/strong><\/td>\n<td><\/td>\n<td><\/td>\n<\/tr>\n<\/tbody>\n<\/table>\n<p><span style=\"text-decoration: underline;\"><strong>\u00a0<\/strong><\/span><\/p>\n<h1><span style=\"text-decoration: underline;\">Impressionen<\/span><\/h1>\n<table>\n<tbody>\n<tr>\n<td>\n<h1><span style=\"text-decoration: underline;\"><strong><img loading=\"lazy\" decoding=\"async\" class=\"alignnone wp-image-585 size-thumbnail\" src=\"https:\/\/welt-der-kinder.gei.de\/wp-content\/uploads\/2016\/03\/DSCF5924-150x150.jpg\" alt=\"DSCF5924\" width=\"150\" height=\"150\" \/><\/strong><\/span><\/h1>\n<\/td>\n<td>\n<h1><span style=\"text-decoration: underline;\"><strong><a href=\"https:\/\/welt-der-kinder.gei.de\/wp-content\/uploads\/2016\/03\/DSCF6408.jpg\"><img loading=\"lazy\" decoding=\"async\" class=\"alignnone wp-image-608 size-thumbnail\" src=\"https:\/\/welt-der-kinder.gei.de\/wp-content\/uploads\/2016\/03\/DSCF6408-150x150.jpg\" alt=\"DSCF6408\" width=\"150\" height=\"150\" \/><\/a><\/strong><\/span><\/h1>\n<\/td>\n<td><strong><a href=\"https:\/\/welt-der-kinder.gei.de\/wp-content\/uploads\/2016\/03\/DSCF6479.jpg\"><img loading=\"lazy\" decoding=\"async\" class=\"alignnone wp-image-610 size-thumbnail\" src=\"https:\/\/welt-der-kinder.gei.de\/wp-content\/uploads\/2016\/03\/DSCF6416-150x150.jpg\" alt=\"DSCF6416\" width=\"150\" height=\"150\" \/><\/a><\/strong><\/td>\n<td>\n<h1><span style=\"text-decoration: underline;\"><strong><a href=\"https:\/\/welt-der-kinder.gei.de\/wp-content\/uploads\/2016\/03\/DSCF6479.jpg\"><img loading=\"lazy\" decoding=\"async\" class=\"alignnone wp-image-615 size-thumbnail\" src=\"https:\/\/welt-der-kinder.gei.de\/wp-content\/uploads\/2016\/03\/DSCF6479-150x150.jpg\" alt=\"DSCF6479\" width=\"150\" height=\"150\" \/><\/a><\/strong><\/span><\/h1>\n<\/td>\n<td>\n<h1><span style=\"text-decoration: underline;\"><strong><a href=\"https:\/\/welt-der-kinder.gei.de\/wp-content\/uploads\/2016\/03\/DSCF5873.jpg\"><img loading=\"lazy\" decoding=\"async\" class=\"alignnone wp-image-584 size-thumbnail\" src=\"https:\/\/welt-der-kinder.gei.de\/wp-content\/uploads\/2016\/03\/DSCF5873-150x150.jpg\" alt=\"DSCF5873\" width=\"150\" height=\"150\" \/><\/a><\/strong><\/span><\/h1>\n<\/td>\n<\/tr>\n<\/tbody>\n<\/table>\n<h1><\/h1>\n<h1><span style=\"text-decoration: underline;\"><strong>Fachdiskussionen<\/strong><\/span><\/h1>\n<table>\n<tbody>\n<tr>\n<td>\n<h1><span style=\"text-decoration: underline;\"><img loading=\"lazy\" decoding=\"async\" class=\"alignnone wp-image-586 size-thumbnail\" src=\"https:\/\/welt-der-kinder.gei.de\/wp-content\/uploads\/2016\/03\/DSCF5928-150x150.jpg\" alt=\"DSCF5928\" width=\"150\" height=\"150\" \/><\/span><\/h1>\n<\/td>\n<td>\n<h1><span style=\"text-decoration: underline;\"><a href=\"https:\/\/welt-der-kinder.gei.de\/wp-content\/uploads\/2016\/03\/DSCF5930.jpg\"><img loading=\"lazy\" decoding=\"async\" class=\"alignnone wp-image-587 size-thumbnail\" src=\"https:\/\/welt-der-kinder.gei.de\/wp-content\/uploads\/2016\/03\/DSCF5930-150x150.jpg\" alt=\"DSCF5930\" width=\"150\" height=\"150\" \/><\/a><\/span><\/h1>\n<\/td>\n<td>\n<h1><span style=\"text-decoration: underline;\"><a href=\"https:\/\/welt-der-kinder.gei.de\/wp-content\/uploads\/2016\/03\/DSCF5934.jpg\"><img loading=\"lazy\" decoding=\"async\" class=\"alignnone wp-image-588 size-thumbnail\" src=\"https:\/\/welt-der-kinder.gei.de\/wp-content\/uploads\/2016\/03\/DSCF5934-150x150.jpg\" alt=\"DSCF5934\" width=\"150\" height=\"150\" \/><\/a><\/span><\/h1>\n<\/td>\n<td>\n<h1><span style=\"text-decoration: underline;\"><a href=\"https:\/\/welt-der-kinder.gei.de\/wp-content\/uploads\/2016\/03\/DSCF5935.jpg\"><img loading=\"lazy\" decoding=\"async\" class=\"alignnone wp-image-589 size-thumbnail\" src=\"https:\/\/welt-der-kinder.gei.de\/wp-content\/uploads\/2016\/03\/DSCF5935-150x150.jpg\" alt=\"DSCF5935\" width=\"150\" height=\"150\" \/><\/a><\/span><\/h1>\n<\/td>\n<td>\n<h1><span style=\"text-decoration: underline;\"><a href=\"https:\/\/welt-der-kinder.gei.de\/wp-content\/uploads\/2016\/03\/DSCF5946.jpg\"><img loading=\"lazy\" decoding=\"async\" class=\"alignnone wp-image-592 size-thumbnail\" src=\"https:\/\/welt-der-kinder.gei.de\/wp-content\/uploads\/2016\/03\/DSCF5946-150x150.jpg\" alt=\"DSCF5946\" width=\"150\" height=\"150\" \/><\/a><\/span><\/h1>\n<\/td>\n<\/tr>\n<\/tbody>\n<\/table>\n<table>\n<tbody>\n<tr>\n<td>\n<h1><span style=\"text-decoration: underline;\"><a href=\"https:\/\/welt-der-kinder.gei.de\/wp-content\/uploads\/2016\/03\/DSCF6124.jpg\"><img loading=\"lazy\" decoding=\"async\" class=\"alignnone wp-image-599 size-thumbnail\" src=\"https:\/\/welt-der-kinder.gei.de\/wp-content\/uploads\/2016\/03\/DSCF6124-150x150.jpg\" alt=\"DSCF6124\" width=\"150\" height=\"150\" \/><\/a><\/span><\/h1>\n<\/td>\n<td>\n<h1><span style=\"text-decoration: underline;\"><a href=\"https:\/\/welt-der-kinder.gei.de\/wp-content\/uploads\/2016\/03\/DSCF6390.jpg\"><img loading=\"lazy\" decoding=\"async\" class=\"alignnone wp-image-602 size-thumbnail\" src=\"https:\/\/welt-der-kinder.gei.de\/wp-content\/uploads\/2016\/03\/DSCF6390-150x150.jpg\" alt=\"DSCF6390\" width=\"150\" height=\"150\" \/><\/a><\/span><\/h1>\n<\/td>\n<td>\n<h1><span style=\"text-decoration: underline;\"><a href=\"https:\/\/welt-der-kinder.gei.de\/wp-content\/uploads\/2016\/03\/DSCF6391.jpg\"><img loading=\"lazy\" decoding=\"async\" class=\"alignnone wp-image-603 size-thumbnail\" src=\"https:\/\/welt-der-kinder.gei.de\/wp-content\/uploads\/2016\/03\/DSCF6391-150x150.jpg\" alt=\"DSCF6391\" width=\"150\" height=\"150\" \/><\/a><\/span><\/h1>\n<\/td>\n<td>\n<h1><span style=\"text-decoration: underline;\"><a href=\"https:\/\/welt-der-kinder.gei.de\/wp-content\/uploads\/2016\/03\/DSCF6393.jpg\"><img loading=\"lazy\" decoding=\"async\" class=\"alignnone wp-image-604 size-thumbnail\" src=\"https:\/\/welt-der-kinder.gei.de\/wp-content\/uploads\/2016\/03\/DSCF6393-150x150.jpg\" alt=\"DSCF6393\" width=\"150\" height=\"150\" \/><\/a><\/span><\/h1>\n<\/td>\n<td>\n<h1><span style=\"text-decoration: underline;\"><a href=\"https:\/\/welt-der-kinder.gei.de\/wp-content\/uploads\/2016\/03\/DSCF6397.jpg\"><img loading=\"lazy\" decoding=\"async\" class=\"alignnone wp-image-605 size-thumbnail\" src=\"https:\/\/welt-der-kinder.gei.de\/wp-content\/uploads\/2016\/03\/DSCF6397-150x150.jpg\" alt=\"DSCF6397\" width=\"150\" height=\"150\" \/><\/a><\/span><\/h1>\n<\/td>\n<\/tr>\n<\/tbody>\n<\/table>\n<table>\n<tbody>\n<tr>\n<td>\n<h1><span style=\"text-decoration: underline;\"><a href=\"https:\/\/welt-der-kinder.gei.de\/wp-content\/uploads\/2016\/03\/DSCF6398.jpg\"><img loading=\"lazy\" decoding=\"async\" class=\"alignnone wp-image-606 size-thumbnail\" src=\"https:\/\/welt-der-kinder.gei.de\/wp-content\/uploads\/2016\/03\/DSCF6398-150x150.jpg\" alt=\"DSCF6398\" width=\"150\" height=\"150\" \/><\/a><\/span><\/h1>\n<\/td>\n<td>\n<h1><span style=\"text-decoration: underline;\"><a href=\"https:\/\/welt-der-kinder.gei.de\/wp-content\/uploads\/2016\/03\/DSCF6410.jpg\"><img loading=\"lazy\" decoding=\"async\" class=\"alignnone wp-image-609 size-thumbnail\" src=\"https:\/\/welt-der-kinder.gei.de\/wp-content\/uploads\/2016\/03\/DSCF6410-150x150.jpg\" alt=\"DSCF6410\" width=\"150\" height=\"150\" \/><\/a><\/span><\/h1>\n<\/td>\n<td><\/td>\n<td><\/td>\n<td><\/td>\n<\/tr>\n<\/tbody>\n<\/table>\n<\/div>\n","protected":false},"excerpt":{"rendered":"<p>Programm-Flyer &nbsp; Weltwissen und Weltdeutung in Schul-und Kinderb\u00fcchern des 19. und fr\u00fchen 20. Jahrhunderts Internationale Tagung an der Universit\u00e4t Z\u00fcrich vom 4. bis 6. Februar 2016, veranstaltet von: Institut f\u00fcr Sozialanthropologie und Empirische Kulturwissenschaft (ISEK \u2013Schwerpunkt Kinder-und Jugendmedien) der Universit\u00e4t Z\u00fcrich; Schweizerisches Institut fu\u0308r Kinder-und Jugendmedien (SIKJM), assoziiertes Institut der Universit\u00e4t Z\u00fcrich; Georg-Eckert-Institut \u2013Leibniz-Institut f\u00fcr [&hellip;]<\/p>\n","protected":false},"author":3,"featured_media":0,"parent":266,"menu_order":0,"comment_status":"closed","ping_status":"open","template":"","meta":{"footnotes":""},"class_list":["post-571","page","type-page","status-publish","hentry"],"_links":{"self":[{"href":"https:\/\/welt-der-kinder.gei.de\/index.php?rest_route=\/wp\/v2\/pages\/571","targetHints":{"allow":["GET"]}}],"collection":[{"href":"https:\/\/welt-der-kinder.gei.de\/index.php?rest_route=\/wp\/v2\/pages"}],"about":[{"href":"https:\/\/welt-der-kinder.gei.de\/index.php?rest_route=\/wp\/v2\/types\/page"}],"author":[{"embeddable":true,"href":"https:\/\/welt-der-kinder.gei.de\/index.php?rest_route=\/wp\/v2\/users\/3"}],"replies":[{"embeddable":true,"href":"https:\/\/welt-der-kinder.gei.de\/index.php?rest_route=%2Fwp%2Fv2%2Fcomments&post=571"}],"version-history":[{"count":25,"href":"https:\/\/welt-der-kinder.gei.de\/index.php?rest_route=\/wp\/v2\/pages\/571\/revisions"}],"predecessor-version":[{"id":648,"href":"https:\/\/welt-der-kinder.gei.de\/index.php?rest_route=\/wp\/v2\/pages\/571\/revisions\/648"}],"up":[{"embeddable":true,"href":"https:\/\/welt-der-kinder.gei.de\/index.php?rest_route=\/wp\/v2\/pages\/266"}],"wp:attachment":[{"href":"https:\/\/welt-der-kinder.gei.de\/index.php?rest_route=%2Fwp%2Fv2%2Fmedia&parent=571"}],"curies":[{"name":"wp","href":"https:\/\/api.w.org\/{rel}","templated":true}]}}